{"id":1250,"date":"2020-06-20T19:37:51","date_gmt":"2020-06-20T17:37:51","guid":{"rendered":"https:\/\/www.sylviawols.de\/?page_id=1250"},"modified":"2023-01-25T17:53:50","modified_gmt":"2023-01-25T15:53:50","slug":"identity-painting","status":"publish","type":"page","link":"https:\/\/www.sylviawols.de\/de\/identity-painting\/","title":{"rendered":"Identit\u00e4tsbild"},"content":{"rendered":"<div data-elementor-type=\"wp-page\" data-elementor-id=\"1250\" class=\"elementor elementor-1250\">\n\t\t\t\t\t\t<section class=\"elementor-section elementor-top-section elementor-element elementor-element-1260532 elementor-section-boxed elementor-section-height-default elementor-section-height-default\" data-id=\"1260532\" data-element_type=\"section\" data-e-type=\"section\">\n\t\t\t\t\t\t<div class=\"elementor-container elementor-column-gap-default\">\n\t\t\t\t\t<div class=\"elementor-column elementor-col-100 elementor-top-column elementor-element elementor-element-592eb95\" data-id=\"592eb95\" data-element_type=\"column\" data-e-type=\"column\">\n\t\t\t<div class=\"elementor-widget-wrap elementor-element-populated\">\n\t\t\t\t\t\t<div class=\"elementor-element elementor-element-f628a57 elementor-widget elementor-widget-heading\" data-id=\"f628a57\" data-element_type=\"widget\" data-e-type=\"widget\" data-widget_type=\"heading.default\">\n\t\t\t\t<div class=\"elementor-widget-container\">\n\t\t\t\t\t<h3 class=\"elementor-heading-title elementor-size-default\">Identit\u00e4tsbild<\/h3>\t\t\t\t<\/div>\n\t\t\t\t<\/div>\n\t\t\t\t\t<\/div>\n\t\t<\/div>\n\t\t\t\t\t<\/div>\n\t\t<\/section>\n\t\t\t\t<section class=\"elementor-section elementor-top-section elementor-element elementor-element-8e04da4 elementor-section-boxed elementor-section-height-default elementor-section-height-default\" data-id=\"8e04da4\" data-element_type=\"section\" data-e-type=\"section\">\n\t\t\t\t\t\t<div class=\"elementor-container elementor-column-gap-default\">\n\t\t\t\t\t<div class=\"elementor-column elementor-col-100 elementor-top-column elementor-element elementor-element-47f8e07\" data-id=\"47f8e07\" data-element_type=\"column\" data-e-type=\"column\">\n\t\t\t<div class=\"elementor-widget-wrap elementor-element-populated\">\n\t\t\t\t\t\t<div class=\"elementor-element elementor-element-bb1844e elementor-widget elementor-widget-heading\" data-id=\"bb1844e\" data-element_type=\"widget\" data-e-type=\"widget\" data-widget_type=\"heading.default\">\n\t\t\t\t<div class=\"elementor-widget-container\">\n\t\t\t\t\t<h5 class=\"elementor-heading-title elementor-size-default\">Das Gem\u00e4lde, das DICH repr\u00e4sentiert!<\/h5>\t\t\t\t<\/div>\n\t\t\t\t<\/div>\n\t\t\t\t\t<\/div>\n\t\t<\/div>\n\t\t\t\t\t<\/div>\n\t\t<\/section>\n\t\t\t\t<section class=\"elementor-section elementor-top-section elementor-element elementor-element-775d346 elementor-section-boxed elementor-section-height-default elementor-section-height-default\" data-id=\"775d346\" data-element_type=\"section\" data-e-type=\"section\">\n\t\t\t\t\t\t<div class=\"elementor-container elementor-column-gap-default\">\n\t\t\t\t\t<div class=\"elementor-column elementor-col-100 elementor-top-column elementor-element elementor-element-4c99aa7\" data-id=\"4c99aa7\" data-element_type=\"column\" data-e-type=\"column\">\n\t\t\t<div class=\"elementor-widget-wrap elementor-element-populated\">\n\t\t\t\t\r\n\t\t<div class=\"elementor-element elementor-element-95dc515 elementor-widget elementor-widget-text-editor\" data-id=\"95dc515\" data-element_type=\"widget\" data-e-type=\"widget\" data-widget_type=\"text-editor.default\">\n\t\t\t\t<div class=\"elementor-widget-container\">\n\t\t\t\t\t\t\t\t\t<p>Schon ganz fr\u00fch, lange bevor ich mich offiziell als Kunstmalerin registriert habe, hatte ich es auf dem Herzen, Bilder zu malen, die die Identit\u00e4t des Besitzers widerspiegeln. Das Ganze wurde umso realer als ich mich mit dem Design meines Logos besch\u00e4ftigt habe. Ich liebe Kronen. Und w\u00e4hrend ich an meinem Logo gebastelt habe, fiel mir auf, dass die einzelnen Buchstaben meines Namens zu einer Krone zusammengesetzt werden k\u00f6nnen, was dem Ganzen umso mehr Bedeutung verlieh. Vielleicht hast du dich schon mal gefragt, warum ich jedes meiner Bilder mit dieser Krone signiere. Im folgenden Bild zeige ich dir, wie sie zusammengesetzt ist: <strong><span style=\"color: #825977;\">SYLVi WO<\/span><span style=\"color: #cc9933;\">LS<\/span><\/strong><\/p>\t\t\t\t\t\t\t\t<\/div>\n\t\t\t\t<\/div>\n\t\t\t\t<div class=\"elementor-element elementor-element-c8e3bb7 elementor-widget elementor-widget-image\" data-id=\"c8e3bb7\" data-element_type=\"widget\" data-e-type=\"widget\" data-widget_type=\"image.default\">\n\t\t\t\t<div class=\"elementor-widget-container\">\n\t\t\t\t\t\t\t\t\t\t\t\t\t\t\t<img fetchpriority=\"high\" decoding=\"async\" width=\"300\" height=\"298\" src=\"https:\/\/www.sylviawols.de\/wp-content\/uploads\/2020\/06\/Logo-mit-Sylvi-Wols-300x298.png\" class=\"attachment-medium size-medium wp-image-1280\" alt=\"\" srcset=\"https:\/\/www.sylviawols.de\/wp-content\/uploads\/2020\/06\/Logo-mit-Sylvi-Wols-300x298.png 300w, https:\/\/www.sylviawols.de\/wp-content\/uploads\/2020\/06\/Logo-mit-Sylvi-Wols-150x150.png 150w, https:\/\/www.sylviawols.de\/wp-content\/uploads\/2020\/06\/Logo-mit-Sylvi-Wols-400x398.png 400w, https:\/\/www.sylviawols.de\/wp-content\/uploads\/2020\/06\/Logo-mit-Sylvi-Wols-100x100.png 100w, https:\/\/www.sylviawols.de\/wp-content\/uploads\/2020\/06\/Logo-mit-Sylvi-Wols.png 645w\" sizes=\"(max-width: 300px) 100vw, 300px\" \/>\t\t\t\t\t\t\t\t\t\t\t\t\t\t\t<\/div>\n\t\t\t\t<\/div>\n\t\t\t\t\t<\/div>\n\t\t<\/div>\n\t\t\t\t\t<\/div>\n\t\t<\/section>\n\t\t\t\t<section class=\"elementor-section elementor-top-section elementor-element elementor-element-8d94428 elementor-section-boxed elementor-section-height-default elementor-section-height-default\" data-id=\"8d94428\" data-element_type=\"section\" data-e-type=\"section\">\n\t\t\t\t\t\t<div class=\"elementor-container elementor-column-gap-default\">\n\t\t\t\t\t<div class=\"elementor-column elementor-col-100 elementor-top-column elementor-element elementor-element-bcf0b4f\" data-id=\"bcf0b4f\" data-element_type=\"column\" data-e-type=\"column\">\n\t\t\t<div class=\"elementor-widget-wrap elementor-element-populated\">\n\t\t\t\t\t\t<div class=\"elementor-element elementor-element-9a19f35 elementor-widget elementor-widget-text-editor\" data-id=\"9a19f35\" data-element_type=\"widget\" data-e-type=\"widget\" data-widget_type=\"text-editor.default\">\n\t\t\t\t<div class=\"elementor-widget-container\">\n\t\t\t\t\t\t\t\t\t<p>Nachdem mein eigenes Logo fertig war, fing ich an mir Gedanken zu machen, wie ein Identit\u00e4tsbild f\u00fcr Menschen in meinem Freundeskreis aussehen k\u00f6nnte. Was m\u00fcsste ich \u00fcber sie wissen um ihnen ihr Identit\u00e4tsbild zu malen? Auf welche Weise w\u00fcrde ich ihren Namen, ihre Hobbys, ihre Lieblingsfarben, Leidenschaften und Gaben darstellen? W\u00fcrden sie lieber ein realistisches oder abstraktes Gem\u00e4lde wollen?<\/p><p>Um es einfach mal auszuprobieren habe ich mit einer sehr guten Freundin begonnen. Das Gem\u00e4lde sollte ein Geschenk f\u00fcr ihr neues Zuhause werden. <br \/>Ich kenne ihren Geschmack, wei\u00df was sie mag, kenne ihre Hobbys, ihre Lieblingsfarbe ... und so fing ich einfach mal an zu experimentieren. Das nahm mehr Zeit in Anspruch als ich zun\u00e4chst dachte und kostete einige Versuche und Fehlversuche bis ich endlich zufrieden mit dem Ergebnis war. Ich war mir sicher, dass sie es lieben w\u00fcrde aber an dem Tag als ich es ihr \u00fcberreicht habe war ich trotzdem nerv\u00f6s. Umso gr\u00f6\u00dfer war die Erleichterung und Freude, dass es keinen Anlass dazu gab. Sie war \u00fcbergl\u00fccklich und ich daher sehr ermutigt.<\/p><p>Das Ganze hat mir gezeigt, dass ich sogar bei Menschen, die ich sehr gut kenne, einiges an Informationen erfragen muss, die ich aus unseren allt\u00e4glichen Begegnungen nicht unbedingt wissen kann. Um also das bestm\u00f6gliche <span style=\"color: #cc9933;\"><em>Identit\u00e4tsbild<\/em><\/span> f\u00fcr dich erstellen zu k\u00f6nnen, bitte ich dich, den Fragebogen auszuf\u00fcllen. Sei bei den Antworten bitte so pr\u00e4zise und ausf\u00fchrlich wie m\u00f6glich. Je mehr Details ich habe, umso besser kann ich das Bild f\u00fcr dich malen.<\/p><p><a href=\"https:\/\/www.sylviawols.de\/de\/questionnaire\/\" target=\"_blank\" rel=\"noopener\"><span style=\"color: #825977;\"><b>Questionnaire EN<\/b><\/span><\/a><br \/><a href=\"https:\/\/www.sylviawols.de\/de\/questionnaired\/\"><strong><span style=\"color: #825977;\">Fragebogen DE<\/span><\/strong><\/a><\/p><p>Nachdem ich deinen Fragebogen erhalten habe, setze ich mich mit dir in Verbindung, damit wie einen Besprechungstermin ausmachen k\u00f6nnen. Dieser kann \u00fcber Facebook, Skype, WhatsApp, Zoom oder pers\u00f6nlich stattfinden. Dabei k\u00f6nnen wir gemeinsam noch einmal deine Antworten durchgehen und Details abkl\u00e4ren. Nachdem wir uns geeinigt haben und du die Gr\u00f6\u00dfe des Bildes gew\u00e4hlt hast, bitte ich um eine Anzahlung. Danach werde ich mich an die Arbeit machen. Du kannst dir sicher sein, dass ich mit meinem ganzen Herzen an deinem Gem\u00e4lde arbeiten werde. Mein innigster Wunsch ist, dass dir das Ergebnis lange Freude bereitet.<\/p><p>\u00a0Du bist einzigartig geschaffen worden. Und das <span style=\"color: #cc9933;\"><em>Identit\u00e4tsbild<\/em><\/span> , das ich f\u00fcr dich male wird diese Einzigartigkeit widerspiegeln.<\/p>\t\t\t\t\t\t\t\t<\/div>\n\t\t\t\t<\/div>\n\t\t\t\t\t<\/div>\n\t\t<\/div>\n\t\t\t\t\t<\/div>\n\t\t<\/section>\n\t\t\t\t<section class=\"elementor-section elementor-top-section elementor-element elementor-element-e901753 elementor-section-stretched elementor-section-full_width elementor-section-height-default elementor-section-height-default\" data-id=\"e901753\" data-element_type=\"section\" data-e-type=\"section\" id=\"mm\" data-settings=\"{&quot;stretch_section&quot;:&quot;section-stretched&quot;,&quot;background_background&quot;:&quot;classic&quot;}\">\n\t\t\t\t\t\t<div class=\"elementor-container elementor-column-gap-default\">\n\t\t\t\t\t<div class=\"elementor-column elementor-col-100 elementor-top-column elementor-element elementor-element-ec530ff\" data-id=\"ec530ff\" data-element_type=\"column\" data-e-type=\"column\">\n\t\t\t<div class=\"elementor-widget-wrap elementor-element-populated\">\n\t\t\t\t\t\t<section class=\"elementor-section elementor-inner-section elementor-element elementor-element-d9eb79b elementor-section-boxed elementor-section-height-default elementor-section-height-default\" data-id=\"d9eb79b\" data-element_type=\"section\" data-e-type=\"section\">\n\t\t\t\t\t\t<div class=\"elementor-container elementor-column-gap-default\">\n\t\t\t\t\t<div class=\"elementor-column elementor-col-100 elementor-inner-column elementor-element elementor-element-fa9fb79\" data-id=\"fa9fb79\" data-element_type=\"column\" data-e-type=\"column\">\n\t\t\t<div class=\"elementor-widget-wrap elementor-element-populated\">\n\t\t\t\t\t\t<div class=\"elementor-element elementor-element-9f6edb7 elementor-widget elementor-widget-heading\" data-id=\"9f6edb7\" data-element_type=\"widget\" data-e-type=\"widget\" data-widget_type=\"heading.default\">\n\t\t\t\t<div class=\"elementor-widget-container\">\n\t\t\t\t\t<h3 class=\"elementor-heading-title elementor-size-default\">Referenzen<\/h3>\t\t\t\t<\/div>\n\t\t\t\t<\/div>\n\t\t\t\t\t<\/div>\n\t\t<\/div>\n\t\t\t\t\t<\/div>\n\t\t<\/section>\n\t\t\t\t\t<\/div>\n\t\t<\/div>\n\t\t\t\t\t<\/div>\n\t\t<\/section>\n\t\t\t\t<section class=\"elementor-section elementor-top-section elementor-element elementor-element-a57aa21 elementor-section-stretched elementor-section-full_width elementor-section-height-default elementor-section-height-default\" data-id=\"a57aa21\" data-element_type=\"section\" data-e-type=\"section\" data-settings=\"{&quot;stretch_section&quot;:&quot;section-stretched&quot;,&quot;background_background&quot;:&quot;classic&quot;}\">\n\t\t\t\t\t\t<div class=\"elementor-container elementor-column-gap-default\">\n\t\t\t\t\t<div class=\"elementor-column elementor-col-100 elementor-top-column elementor-element elementor-element-e00e30c\" data-id=\"e00e30c\" data-element_type=\"column\" data-e-type=\"column\">\n\t\t\t<div class=\"elementor-widget-wrap elementor-element-populated\">\n\t\t\t\t\t\t<section class=\"elementor-section elementor-inner-section elementor-element elementor-element-abf74fd elementor-section-boxed elementor-section-height-default elementor-section-height-default\" data-id=\"abf74fd\" data-element_type=\"section\" data-e-type=\"section\">\n\t\t\t\t\t\t<div class=\"elementor-container elementor-column-gap-default\">\n\t\t\t\t\t<div class=\"elementor-column elementor-col-50 elementor-inner-column elementor-element elementor-element-9e3665a\" data-id=\"9e3665a\" data-element_type=\"column\" data-e-type=\"column\">\n\t\t\t<div class=\"elementor-widget-wrap elementor-element-populated\">\n\t\t\t\t\t\t<div class=\"elementor-element elementor-element-fe755a2 elementor-widget elementor-widget-text-editor\" data-id=\"fe755a2\" data-element_type=\"widget\" data-e-type=\"widget\" data-widget_type=\"text-editor.default\">\n\t\t\t\t<div class=\"elementor-widget-container\">\n\t\t\t\t\t\t\t\t\t<p><span style=\"color: #808080;\"><em>\"Dieses Gem\u00e4lde spiegelt mein gr\u00f6\u00dftes Lebensziel wider und ich bin \u00fcbergl\u00fccklich! <br>Danke Sylvia, dass du offen warst und genau hingeh\u00f6rt hast, auf die Stimme des Vaters w\u00e4hrend du dieses Bild gemalt hast.&nbsp; <br>Du hast eine Begabung daf\u00fcr, Details vom Vater mit Farbe und Genauigkeit aufs Papier zu bringen. Daf\u00fcr bin ich auf ewig dankbar.\"&nbsp;&nbsp;<br><\/em><\/span><br><span style=\"color: #808080;\"><em><strong>Mark Madera, USA<\/strong><\/em><\/span><\/p>\t\t\t\t\t\t\t\t<\/div>\n\t\t\t\t<\/div>\n\t\t\t\t\t<\/div>\n\t\t<\/div>\n\t\t\t\t<div class=\"elementor-column elementor-col-50 elementor-inner-column elementor-element elementor-element-4675b99\" data-id=\"4675b99\" data-element_type=\"column\" data-e-type=\"column\">\n\t\t\t<div class=\"elementor-widget-wrap elementor-element-populated\">\n\t\t\t\t\t\t<div class=\"elementor-element elementor-element-c1aa0cf elementor-widget elementor-widget-image\" data-id=\"c1aa0cf\" data-element_type=\"widget\" data-e-type=\"widget\" data-widget_type=\"image.default\">\n\t\t\t\t<div class=\"elementor-widget-container\">\n\t\t\t\t\t\t\t\t\t\t\t\t\t\t\t<img decoding=\"async\" width=\"300\" height=\"400\" src=\"https:\/\/www.sylviawols.de\/wp-content\/uploads\/2022\/10\/Mark-with-painting-e1664999842432.jpg\" class=\"attachment-full size-full wp-image-2800\" alt=\"\" srcset=\"https:\/\/www.sylviawols.de\/wp-content\/uploads\/2022\/10\/Mark-with-painting-e1664999842432.jpg 300w, https:\/\/www.sylviawols.de\/wp-content\/uploads\/2022\/10\/Mark-with-painting-e1664999842432-225x300.jpg 225w, https:\/\/www.sylviawols.de\/wp-content\/uploads\/2022\/10\/Mark-with-painting-e1664999842432-9x12.jpg 9w\" sizes=\"(max-width: 300px) 100vw, 300px\" \/>\t\t\t\t\t\t\t\t\t\t\t\t\t\t\t<\/div>\n\t\t\t\t<\/div>\n\t\t\t\t\t<\/div>\n\t\t<\/div>\n\t\t\t\t\t<\/div>\n\t\t<\/section>\n\t\t\t\t<div class=\"elementor-element elementor-element-9583041 elementor-widget-divider--view-line elementor-widget elementor-widget-divider\" data-id=\"9583041\" data-element_type=\"widget\" data-e-type=\"widget\" data-widget_type=\"divider.default\">\n\t\t\t\t<div class=\"elementor-widget-container\">\n\t\t\t\t\t\t\t<div class=\"elementor-divider\">\n\t\t\t<span class=\"elementor-divider-separator\">\n\t\t\t\t\t\t<\/span>\n\t\t<\/div>\n\t\t\t\t\t\t<\/div>\n\t\t\t\t<\/div>\n\t\t\t\t\t<\/div>\n\t\t<\/div>\n\t\t\t\t\t<\/div>\n\t\t<\/section>\n\t\t\t\t<section class=\"elementor-section elementor-top-section elementor-element elementor-element-3ceb214 elementor-section-stretched elementor-section-full_width elementor-section-height-default elementor-section-height-default\" data-id=\"3ceb214\" data-element_type=\"section\" data-e-type=\"section\" id=\"ry\" data-settings=\"{&quot;stretch_section&quot;:&quot;section-stretched&quot;,&quot;background_background&quot;:&quot;classic&quot;}\">\n\t\t\t\t\t\t<div class=\"elementor-container elementor-column-gap-default\">\n\t\t\t\t\t<div class=\"elementor-column elementor-col-100 elementor-top-column elementor-element elementor-element-509dcb9\" data-id=\"509dcb9\" data-element_type=\"column\" data-e-type=\"column\">\n\t\t\t<div class=\"elementor-widget-wrap elementor-element-populated\">\n\t\t\t\t\t\t<section class=\"elementor-section elementor-inner-section elementor-element elementor-element-98fe2de elementor-section-boxed elementor-section-height-default elementor-section-height-default\" data-id=\"98fe2de\" data-element_type=\"section\" data-e-type=\"section\">\n\t\t\t\t\t\t<div class=\"elementor-container elementor-column-gap-default\">\n\t\t\t\t\t<div class=\"elementor-column elementor-col-50 elementor-inner-column elementor-element elementor-element-e4a4485\" data-id=\"e4a4485\" data-element_type=\"column\" data-e-type=\"column\">\n\t\t\t<div class=\"elementor-widget-wrap elementor-element-populated\">\n\t\t\t\t\t\t<div class=\"elementor-element elementor-element-5198613 elementor-widget elementor-widget-text-editor\" data-id=\"5198613\" data-element_type=\"widget\" data-e-type=\"widget\" data-widget_type=\"text-editor.default\">\n\t\t\t\t<div class=\"elementor-widget-container\">\n\t\t\t\t\t\t\t\t\t<p><span style=\"color: #808080;\"><em><br \/>\"Hallo Sylvia,<br \/><\/em><em style=\"font-size: 17.28px; font-weight: inherit;\">Danke f\u00fcr mein Identit\u00e4tsbild! Es hat mir die Augen f\u00fcr eine neue Perspektive auf mein Leben und meinen Dienst ge\u00f6ffnet. Es spiegelt wider wie gut du mich kennst und ich f\u00fchle mich zutiefst verstanden.<br \/><\/em><em style=\"font-weight: inherit; font-size: 17.28px;\">Ich war in dem Prozess, mich selbst und meinen Dienst neu zu erfinden. Das Identit\u00e4tsbild hat mir geholfen, meinen Blick auf die n\u00e4chsten Schritte meines Dienstes zu sch\u00e4rfen. Worte reichen nicht aus um zu beschreiben welche Bedeutung dein Geschenk f\u00fcr mich hatte und immer noch hat.<br \/><\/em><em style=\"font-weight: inherit; font-size: 17.28px;\"><em><span style=\"font-weight: inherit;\">Als Psychologe kann ich sagen, dass dein Prozess bevor du mit dem Malen begonnen hast  effektvoll und gut durchdacht ist. W\u00e4hrend ich den Fragebogen ausgef\u00fcllt habe und w\u00e4hrend des Gespr\u00e4ches mit dir habe ich neue Einblicke \u00fcber mich selbst erhalten. Ich w\u00fcnschte, dass ich in deinem Kopf h\u00e4tte sein k\u00f6nnen w\u00e4hrend du mit deiner kreativen Begabung das Konzept f\u00fcr mein Bild aufgrund der Informationen, die du von mir hattest, entwickelt hast.\"<br \/><\/span><\/em><\/em><em style=\"font-weight: inherit; font-size: 17.28px;\"><span style=\"font-weight: inherit;\"><br \/><strong>Dr. Ron Young, USA<\/strong><\/span><\/em><\/span><em style=\"font-weight: inherit; font-size: 17.28px;\"><span style=\"color: #ffffff;\"><em><span style=\"font-weight: inherit;\"><br \/><\/span><\/em><\/span><\/em><\/p>\t\t\t\t\t\t\t\t<\/div>\n\t\t\t\t<\/div>\n\t\t\t\t\t<\/div>\n\t\t<\/div>\n\t\t\t\t<div class=\"elementor-column elementor-col-50 elementor-inner-column elementor-element elementor-element-a85353a\" data-id=\"a85353a\" data-element_type=\"column\" data-e-type=\"column\">\n\t\t\t<div class=\"elementor-widget-wrap elementor-element-populated\">\n\t\t\t\t\t\t<div class=\"elementor-element elementor-element-90c9d7e elementor-widget elementor-widget-image\" data-id=\"90c9d7e\" data-element_type=\"widget\" data-e-type=\"widget\" data-widget_type=\"image.default\">\n\t\t\t\t<div class=\"elementor-widget-container\">\n\t\t\t\t\t\t\t\t\t\t\t\t\t\t\t<img decoding=\"async\" width=\"300\" height=\"400\" src=\"https:\/\/www.sylviawols.de\/wp-content\/uploads\/2020\/09\/IP-Ron-foto.jpg\" class=\"attachment-full size-full wp-image-1522\" alt=\"Identity Painting Ron\" srcset=\"https:\/\/www.sylviawols.de\/wp-content\/uploads\/2020\/09\/IP-Ron-foto.jpg 300w, https:\/\/www.sylviawols.de\/wp-content\/uploads\/2020\/09\/IP-Ron-foto-225x300.jpg 225w\" sizes=\"(max-width: 300px) 100vw, 300px\" \/>\t\t\t\t\t\t\t\t\t\t\t\t\t\t\t<\/div>\n\t\t\t\t<\/div>\n\t\t\t\t\t<\/div>\n\t\t<\/div>\n\t\t\t\t\t<\/div>\n\t\t<\/section>\n\t\t\t\t<div class=\"elementor-element elementor-element-2d2891e elementor-widget-divider--view-line elementor-widget elementor-widget-divider\" data-id=\"2d2891e\" data-element_type=\"widget\" data-e-type=\"widget\" data-widget_type=\"divider.default\">\n\t\t\t\t<div class=\"elementor-widget-container\">\n\t\t\t\t\t\t\t<div class=\"elementor-divider\">\n\t\t\t<span class=\"elementor-divider-separator\">\n\t\t\t\t\t\t<\/span>\n\t\t<\/div>\n\t\t\t\t\t\t<\/div>\n\t\t\t\t<\/div>\n\t\t\t\t\t<\/div>\n\t\t<\/div>\n\t\t\t\t\t<\/div>\n\t\t<\/section>\n\t\t\t\t<section class=\"elementor-section elementor-top-section elementor-element elementor-element-a38d5a4 elementor-section-boxed elementor-section-height-default elementor-section-height-default\" data-id=\"a38d5a4\" data-element_type=\"section\" data-e-type=\"section\">\n\t\t\t\t\t\t<div class=\"elementor-container elementor-column-gap-default\">\n\t\t\t\t\t<div class=\"elementor-column elementor-col-100 elementor-top-column elementor-element elementor-element-98a3e9b\" data-id=\"98a3e9b\" data-element_type=\"column\" data-e-type=\"column\">\n\t\t\t<div class=\"elementor-widget-wrap elementor-element-populated\">\n\t\t\t\t\t\t<div class=\"elementor-element elementor-element-9f82934 elementor-widget elementor-widget-text-editor\" data-id=\"9f82934\" data-element_type=\"widget\" data-e-type=\"widget\" data-widget_type=\"text-editor.default\">\n\t\t\t\t<div class=\"elementor-widget-container\">\n\t\t\t\t\t\t\t\t\t<p><strong>Kosten:<br><\/strong>Die Kosten setzen sich aus der Bildgr\u00f6\u00dfe und den verwendeten Materialien zusammen.&nbsp;<\/p>\n<p>Wenn L\u00e4nge + Breite &lt; 50 sind dann: (L\u00e4nge + Breite in cm) x 2 + 30% + 150,00 \u20ac = Endpreis<br>Wenn L\u00e4nge + Breite zwischen 50 und unter 80 cm sind dann:  (L\u00e4nge + Breite in cm) x 2 + 40% <span style=\"font-size: 17.28px;\">+ 150.00 \u20ac <\/span><span style=\"font-size: 17.28px; font-style: inherit; font-weight: inherit;\">= Endpreis<br><\/span><span style=\"font-size: 17.28px; font-style: inherit; font-weight: inherit;\">Wenn L\u00e4nge + Breite zwischen 80 und unter 110 cm sind dann: (L\u00e4nge + Breite in cm) x 2 + 60% <\/span><span style=\"font-style: inherit; font-weight: inherit; font-size: 17.28px;\">+ 150.00 \u20ac<\/span><span style=\"font-style: inherit; font-weight: inherit; font-size: 17.28px;\">&nbsp;<\/span><span style=\"font-style: inherit; font-weight: inherit; font-size: 17.28px;\">= Endpreis<br>Wenn L\u00e4nge + Breite zwischen 110 und unter 140 cm sind dann: (L\u00e4nge + Breite in cm) x 2 + 80% + 150,00 \u20ac = Endpreis<br><\/span><span style=\"font-size: 17.28px;\">Wenn L\u00e4nge + Breite zwischen 140 und unter 200 cm sind dann: (L\u00e4nge + Breite in cm) x 2 + 100% + 150,00 \u20ac = Endpreis<br><\/span><span style=\"font-size: 17.28px;\">Wenn L\u00e4nge + Breite zwischen 200 und unter 240 cm sind dann: (L\u00e4nge + Breite in cm) x 2 + 120% + 150,00 \u20ac = Endpreis<\/span><span style=\"font-style: inherit; font-weight: inherit; font-size: 17.28px;\"><br><\/span><\/p>\n<p><strong>Rechenbeispiel:<\/strong><br>F\u00fcr ein Gem\u00e4lde in der Gr\u00f6\u00dfe 50 x 50 cm belaufen sich die Kosten auf 470,00 \u20ac.<\/p>\n<p><em>Bei Sonderw\u00fcnschen wie Pouring Technik, Gesso, Spachtelmasse, Sand, Steine, etc. erh\u00f6ht sich der Endpreis um 50 bis 100 \u20ac.<\/em><\/p>\t\t\t\t\t\t\t\t<\/div>\n\t\t\t\t<\/div>\n\t\t\t\t\t<\/div>\n\t\t<\/div>\n\t\t\t\t\t<\/div>\n\t\t<\/section>\n\t\t\t\t<\/div>","protected":false},"excerpt":{"rendered":"<p>Identity Painting The Painting that represents YOU! Already in the very early stages, long before I launched my business, I had it on my heart to create paintings that express the identity of the owner. This became even clearer when I thought about designing my logo. I really love crowns. During the process of creating [&hellip;]<\/p>\n","protected":false},"author":1,"featured_media":0,"parent":0,"menu_order":0,"comment_status":"closed","ping_status":"closed","template":"elementor_header_footer","meta":{"zakra_page_container_layout":"customizer","zakra_page_sidebar_layout":"customizer","zakra_remove_content_margin":false,"zakra_sidebar":"customizer","zakra_transparent_header":"customizer","zakra_logo":0,"zakra_main_header_style":"default","zakra_menu_item_color":"","zakra_menu_item_hover_color":"","zakra_menu_item_active_color":"","zakra_menu_active_style":"","zakra_page_header":true,"footnotes":""},"class_list":["post-1250","page","type-page","status-publish","hentry"],"jetpack_sharing_enabled":true,"_links":{"self":[{"href":"https:\/\/www.sylviawols.de\/de\/wp-json\/wp\/v2\/pages\/1250","targetHints":{"allow":["GET"]}}],"collection":[{"href":"https:\/\/www.sylviawols.de\/de\/wp-json\/wp\/v2\/pages"}],"about":[{"href":"https:\/\/www.sylviawols.de\/de\/wp-json\/wp\/v2\/types\/page"}],"author":[{"embeddable":true,"href":"https:\/\/www.sylviawols.de\/de\/wp-json\/wp\/v2\/users\/1"}],"replies":[{"embeddable":true,"href":"https:\/\/www.sylviawols.de\/de\/wp-json\/wp\/v2\/comments?post=1250"}],"version-history":[{"count":68,"href":"https:\/\/www.sylviawols.de\/de\/wp-json\/wp\/v2\/pages\/1250\/revisions"}],"predecessor-version":[{"id":2805,"href":"https:\/\/www.sylviawols.de\/de\/wp-json\/wp\/v2\/pages\/1250\/revisions\/2805"}],"wp:attachment":[{"href":"https:\/\/www.sylviawols.de\/de\/wp-json\/wp\/v2\/media?parent=1250"}],"curies":[{"name":"wp","href":"https:\/\/api.w.org\/{rel}","templated":true}]}}