
{"id":2005,"date":"2021-03-31T12:31:02","date_gmt":"2021-03-31T10:31:02","guid":{"rendered":"https:\/\/www.sylviawols.de\/?page_id=2005"},"modified":"2024-12-17T12:30:16","modified_gmt":"2024-12-17T10:30:16","slug":"portrait-painting","status":"publish","type":"page","link":"https:\/\/www.sylviawols.de\/de\/portrait-painting\/","title":{"rendered":"Portrait-Malerei"},"content":{"rendered":"<div data-elementor-type=\"wp-page\" data-elementor-id=\"2005\" class=\"elementor elementor-2005\">\n\t\t\t\t\t\t<section class=\"elementor-section elementor-top-section elementor-element elementor-element-9b44df3 elementor-section-boxed elementor-section-height-default elementor-section-height-default\" data-id=\"9b44df3\" data-element_type=\"section\" data-e-type=\"section\">\n\t\t\t\t\t\t<div class=\"elementor-container elementor-column-gap-default\">\n\t\t\t\t\t<div class=\"elementor-column elementor-col-100 elementor-top-column elementor-element elementor-element-b10ce4f\" data-id=\"b10ce4f\" data-element_type=\"column\" data-e-type=\"column\">\n\t\t\t<div class=\"elementor-widget-wrap elementor-element-populated\">\n\t\t\t\t\t\t<div class=\"elementor-element elementor-element-7c80fd4 elementor-widget elementor-widget-heading\" data-id=\"7c80fd4\" data-element_type=\"widget\" data-e-type=\"widget\" data-widget_type=\"heading.default\">\n\t\t\t\t<div class=\"elementor-widget-container\">\n\t\t\t\t\t<h4 class=\"elementor-heading-title elementor-size-default\">Portrait-Malerei<\/h4>\t\t\t\t<\/div>\n\t\t\t\t<\/div>\n\t\t\t\t\t<\/div>\n\t\t<\/div>\n\t\t\t\t\t<\/div>\n\t\t<\/section>\n\t\t\t\t<section class=\"elementor-section elementor-top-section elementor-element elementor-element-6d9841c elementor-section-boxed elementor-section-height-default elementor-section-height-default\" data-id=\"6d9841c\" data-element_type=\"section\" data-e-type=\"section\">\n\t\t\t\t\t\t<div class=\"elementor-container elementor-column-gap-default\">\n\t\t\t\t\t<div class=\"elementor-column elementor-col-100 elementor-top-column elementor-element elementor-element-b77edbc\" data-id=\"b77edbc\" data-element_type=\"column\" data-e-type=\"column\">\n\t\t\t<div class=\"elementor-widget-wrap elementor-element-populated\">\n\t\t\t\t\t\t<section class=\"elementor-section elementor-inner-section elementor-element elementor-element-23a2384 elementor-section-boxed elementor-section-height-default elementor-section-height-default\" data-id=\"23a2384\" data-element_type=\"section\" data-e-type=\"section\">\n\t\t\t\t\t\t<div class=\"elementor-container elementor-column-gap-no\">\n\t\t\t\t\t<div class=\"elementor-column elementor-col-50 elementor-inner-column elementor-element elementor-element-4d69c8d\" data-id=\"4d69c8d\" data-element_type=\"column\" data-e-type=\"column\">\n\t\t\t<div class=\"elementor-widget-wrap elementor-element-populated\">\n\t\t\t\t\t\t<div class=\"elementor-element elementor-element-c5f720f elementor-pagination-position-inside post-thumbnail elementor-widget elementor-widget-image-carousel\" data-id=\"c5f720f\" data-element_type=\"widget\" data-e-type=\"widget\" data-settings=\"{&quot;slides_to_show&quot;:&quot;1&quot;,&quot;navigation&quot;:&quot;dots&quot;,&quot;autoplay_speed&quot;:1000,&quot;effect&quot;:&quot;fade&quot;,&quot;speed&quot;:3000,&quot;autoplay&quot;:&quot;yes&quot;,&quot;pause_on_hover&quot;:&quot;yes&quot;,&quot;pause_on_interaction&quot;:&quot;yes&quot;,&quot;infinite&quot;:&quot;yes&quot;}\" data-widget_type=\"image-carousel.default\">\n\t\t\t\t<div class=\"elementor-widget-container\">\n\t\t\t\t\t\t\t<div class=\"elementor-image-carousel-wrapper swiper\" role=\"region\" aria-roledescription=\"carousel\" aria-label=\"Bild Karussell\" dir=\"ltr\">\n\t\t\t<div class=\"elementor-image-carousel swiper-wrapper swiper-image-stretch\" aria-live=\"off\">\n\t\t\t\t\t\t\t\t<div class=\"swiper-slide\" role=\"group\" aria-roledescription=\"slide\" aria-label=\"1 von 5\"><a data-elementor-open-lightbox=\"yes\" data-elementor-lightbox-slideshow=\"c5f720f\" data-e-action-hash=\"#elementor-action%3Aaction%3Dlightbox%26settings%3DeyJpZCI6MTg1NywidXJsIjoiaHR0cHM6XC9cL3d3dy5zeWx2aWF3b2xzLmRlXC93cC1jb250ZW50XC91cGxvYWRzXC8yMDIxXC8wM1wvZG9nLXBhaW50aW5nLmpwZyIsInNsaWRlc2hvdyI6ImM1ZjcyMGYifQ%3D%3D\" href=\"https:\/\/www.sylviawols.de\/wp-content\/uploads\/2021\/03\/dog-painting.jpg\"><figure class=\"swiper-slide-inner\"><img decoding=\"async\" class=\"swiper-slide-image\" src=\"https:\/\/www.sylviawols.de\/wp-content\/uploads\/2021\/03\/dog-painting.jpg\" alt=\"Dog portrait\" \/><\/figure><\/a><\/div><div class=\"swiper-slide\" role=\"group\" aria-roledescription=\"slide\" aria-label=\"2 von 5\"><a data-elementor-open-lightbox=\"yes\" data-elementor-lightbox-slideshow=\"c5f720f\" data-e-action-hash=\"#elementor-action%3Aaction%3Dlightbox%26settings%3DeyJpZCI6MTg2NCwidXJsIjoiaHR0cHM6XC9cL3d3dy5zeWx2aWF3b2xzLmRlXC93cC1jb250ZW50XC91cGxvYWRzXC8yMDIxXC8wM1wvcG9ydHJhaXQtcGFpbnRpbmcuanBnIiwic2xpZGVzaG93IjoiYzVmNzIwZiJ9\" href=\"https:\/\/www.sylviawols.de\/wp-content\/uploads\/2021\/03\/portrait-painting.jpg\"><figure class=\"swiper-slide-inner\"><img decoding=\"async\" class=\"swiper-slide-image\" src=\"https:\/\/www.sylviawols.de\/wp-content\/uploads\/2021\/03\/portrait-painting-768x972.jpg\" alt=\"Portrait painting\" \/><\/figure><\/a><\/div><div class=\"swiper-slide\" role=\"group\" aria-roledescription=\"slide\" aria-label=\"3 von 5\"><a data-elementor-open-lightbox=\"yes\" data-elementor-lightbox-slideshow=\"c5f720f\" data-e-action-hash=\"#elementor-action%3Aaction%3Dlightbox%26settings%3DeyJpZCI6MTg1NiwidXJsIjoiaHR0cHM6XC9cL3d3dy5zeWx2aWF3b2xzLmRlXC93cC1jb250ZW50XC91cGxvYWRzXC8yMDIxXC8wM1wvZG9nLXBhaW50aW5nLTIuanBnIiwic2xpZGVzaG93IjoiYzVmNzIwZiJ9\" href=\"https:\/\/www.sylviawols.de\/wp-content\/uploads\/2021\/03\/dog-painting-2.jpg\"><figure class=\"swiper-slide-inner\"><img decoding=\"async\" class=\"swiper-slide-image\" src=\"https:\/\/www.sylviawols.de\/wp-content\/uploads\/2021\/03\/dog-painting-2-768x1024.jpg\" alt=\"Dog portrait\" \/><\/figure><\/a><\/div><div class=\"swiper-slide\" role=\"group\" aria-roledescription=\"slide\" aria-label=\"4 von 5\"><a data-elementor-open-lightbox=\"yes\" data-elementor-lightbox-slideshow=\"c5f720f\" data-e-action-hash=\"#elementor-action%3Aaction%3Dlightbox%26settings%3DeyJpZCI6MTg2MiwidXJsIjoiaHR0cHM6XC9cL3d3dy5zeWx2aWF3b2xzLmRlXC93cC1jb250ZW50XC91cGxvYWRzXC8yMDIxXC8wM1wvcG9ydHJhaXQtcGFpbnRpbmctMi5qcGciLCJzbGlkZXNob3ciOiJjNWY3MjBmIn0%3D\" href=\"https:\/\/www.sylviawols.de\/wp-content\/uploads\/2021\/03\/portrait-painting-2.jpg\"><figure class=\"swiper-slide-inner\"><img decoding=\"async\" class=\"swiper-slide-image\" src=\"https:\/\/www.sylviawols.de\/wp-content\/uploads\/2021\/03\/portrait-painting-2-768x972.jpg\" alt=\"Portrait painting\" \/><\/figure><\/a><\/div><div class=\"swiper-slide\" role=\"group\" aria-roledescription=\"slide\" aria-label=\"5 von 5\"><a data-elementor-open-lightbox=\"yes\" data-elementor-lightbox-slideshow=\"c5f720f\" data-e-action-hash=\"#elementor-action%3Aaction%3Dlightbox%26settings%3DeyJpZCI6MTg3NywidXJsIjoiaHR0cHM6XC9cL3d3dy5zeWx2aWF3b2xzLmRlXC93cC1jb250ZW50XC91cGxvYWRzXC8yMDIxXC8wM1wvcG9ydHJhaXQtcGFpbnRpbmctSS1zZWUteW91LmpwZyIsInNsaWRlc2hvdyI6ImM1ZjcyMGYifQ%3D%3D\" href=\"https:\/\/www.sylviawols.de\/wp-content\/uploads\/2021\/03\/portrait-painting-I-see-you.jpg\"><figure class=\"swiper-slide-inner\"><img decoding=\"async\" class=\"swiper-slide-image\" src=\"https:\/\/www.sylviawols.de\/wp-content\/uploads\/2021\/03\/portrait-painting-I-see-you-768x615.jpg\" alt=\"Portrait painting I see you\" \/><\/figure><\/a><\/div>\t\t\t<\/div>\n\t\t\t\t\t\t\t\n\t\t\t\t\t\t\t\t\t<div class=\"swiper-pagination\"><\/div>\n\t\t\t\t\t\t\t\t\t<\/div>\n\t\t\t\t\t\t<\/div>\n\t\t\t\t<\/div>\n\t\t\t\t\t<\/div>\n\t\t<\/div>\n\t\t\t\t<div class=\"elementor-column elementor-col-50 elementor-inner-column elementor-element elementor-element-d944262\" data-id=\"d944262\" data-element_type=\"column\" data-e-type=\"column\">\n\t\t\t<div class=\"elementor-widget-wrap elementor-element-populated\">\n\t\t\t\t\t\t<div class=\"elementor-element elementor-element-5f50cac elementor-widget elementor-widget-text-editor\" data-id=\"5f50cac\" data-element_type=\"widget\" data-e-type=\"widget\" data-widget_type=\"text-editor.default\">\n\t\t\t\t<div class=\"elementor-widget-container\">\n\t\t\t\t\t\t\t\t\t<p>Lange Zeit habe ich es fast nicht gewagt Menschen oder Tiere zu malen da ich dabei in der Vergangenheit immer gescheitert bin. Aber die Thematik hat mich mehr und mehr fasziniert und nachdem ich etwas \u00fcber die Technik gelernt und \u00dcbung bekommen habe, fing der Malprozess an, mir richtig Spa\u00df zu machen. <br \/>Ich widme mich dabei ganz detailliert den Augen, die ja das Fenster zu Seele sind und nachdem sie gemalt sind ist das Bild automatisch zum Leben erweckt. F\u00fcr den K\u00f6per und den Hintergrund benutze ich bewusst eher grobe Pinselstriche damit die ganze Aufmerksamkeit des Betrachters auf das Gesicht gelenkt wird.<\/p><p>Die meisten meiner Portraitgem\u00e4lde sind Auftragsarbeiten, weshalb man sie auch nicht in meinem Shop kaufen kann. Die Konditionen f\u00fcr <span style=\"color: #825977;\"><strong><a style=\"color: #825977;\" href=\"https:\/\/www.sylviawols.de\/de\/home\/commissioned-work\/\">AUFTRAGSARBEITEN<\/a><\/strong><\/span> finden sich hier.\u00a0\u00a0<\/p>\t\t\t\t\t\t\t\t<\/div>\n\t\t\t\t<\/div>\n\t\t\t\t\t<\/div>\n\t\t<\/div>\n\t\t\t\t\t<\/div>\n\t\t<\/section>\n\t\t\t\t\t<\/div>\n\t\t<\/div>\n\t\t\t\t\t<\/div>\n\t\t<\/section>\n\t\t\t\t<\/div>","protected":false},"excerpt":{"rendered":"<p>Portrait Painting For a long time I was almost scared to even try painting people or animals due to some failures in the past. But I was more and more intrigued by it and once I digged deaper into the techniques and gained some skills through practice I started to really enjoy the process. I [&hellip;]<\/p>\n","protected":false},"author":1,"featured_media":0,"parent":0,"menu_order":0,"comment_status":"closed","ping_status":"closed","template":"elementor_header_footer","meta":{"zakra_page_container_layout":"customizer","zakra_page_sidebar_layout":"customizer","zakra_remove_content_margin":true,"zakra_sidebar":"customizer","zakra_transparent_header":"customizer","zakra_logo":0,"zakra_main_header_style":"default","zakra_menu_item_color":"","zakra_menu_item_hover_color":"","zakra_menu_item_active_color":"","zakra_menu_active_style":"","zakra_page_header":true,"footnotes":""},"class_list":["post-2005","page","type-page","status-publish","hentry"],"jetpack_sharing_enabled":true,"_links":{"self":[{"href":"https:\/\/www.sylviawols.de\/de\/wp-json\/wp\/v2\/pages\/2005","targetHints":{"allow":["GET"]}}],"collection":[{"href":"https:\/\/www.sylviawols.de\/de\/wp-json\/wp\/v2\/pages"}],"about":[{"href":"https:\/\/www.sylviawols.de\/de\/wp-json\/wp\/v2\/types\/page"}],"author":[{"embeddable":true,"href":"https:\/\/www.sylviawols.de\/de\/wp-json\/wp\/v2\/users\/1"}],"replies":[{"embeddable":true,"href":"https:\/\/www.sylviawols.de\/de\/wp-json\/wp\/v2\/comments?post=2005"}],"version-history":[{"count":23,"href":"https:\/\/www.sylviawols.de\/de\/wp-json\/wp\/v2\/pages\/2005\/revisions"}],"predecessor-version":[{"id":3008,"href":"https:\/\/www.sylviawols.de\/de\/wp-json\/wp\/v2\/pages\/2005\/revisions\/3008"}],"wp:attachment":[{"href":"https:\/\/www.sylviawols.de\/de\/wp-json\/wp\/v2\/media?parent=2005"}],"curies":[{"name":"wp","href":"https:\/\/api.w.org\/{rel}","templated":true}]}}