{"id":2471,"date":"2022-05-15T09:21:18","date_gmt":"2022-05-15T07:21:18","guid":{"rendered":"https:\/\/www.sylviawols.de\/?page_id=2471"},"modified":"2026-03-01T12:27:16","modified_gmt":"2026-03-01T10:27:16","slug":"exhibitions","status":"publish","type":"page","link":"https:\/\/www.sylviawols.de\/de\/home\/exhibitions\/","title":{"rendered":"Ausstellungen"},"content":{"rendered":"<div data-elementor-type=\"wp-page\" data-elementor-id=\"2471\" class=\"elementor elementor-2471\">\n\t\t\t\t\t\t<section class=\"elementor-section elementor-top-section elementor-element elementor-element-9ad73d0 elementor-section-boxed elementor-section-height-default elementor-section-height-default\" data-id=\"9ad73d0\" data-element_type=\"section\" data-e-type=\"section\">\n\t\t\t\t\t\t<div class=\"elementor-container elementor-column-gap-default\">\n\t\t\t\t\t<div class=\"elementor-column elementor-col-100 elementor-top-column elementor-element elementor-element-a99d494\" data-id=\"a99d494\" data-element_type=\"column\" data-e-type=\"column\">\n\t\t\t<div class=\"elementor-widget-wrap elementor-element-populated\">\n\t\t\t\t\r\n\t\t<div class=\"elementor-element elementor-element-ed17cfb elementor-widget elementor-widget-text-editor\" data-id=\"ed17cfb\" data-element_type=\"widget\" data-e-type=\"widget\" data-widget_type=\"text-editor.default\">\n\t\t\t\t<div class=\"elementor-widget-container\">\n\t\t\t\t\t\t\t\t\t<h2><span style=\"color: #993366;\"><strong>Current and upcoming exhibitions:<\/strong><\/span><\/h2><p><span style=\"color: #993366;\">Seit\u00a0<strong>Februar 2024 <\/strong>~\u00a0<strong>Dauerausstellung\u00a0<\/strong>in\u00a0<strong><a style=\"color: #993366;\" href=\"https:\/\/meersburg-seehof.de\" target=\"_blank\" rel=\"noopener\">Hotel Seehof <\/a><\/strong>in<strong> Meersburg<\/strong><\/span><\/p><p><span style=\"color: #5b5b5b;\">24<sup>.<\/sup> und 25.<sup>.<\/sup> . <strong>April 2026<\/strong> ~ <a style=\"color: #5b5b5b;\" href=\"https:\/\/usercontent.one\/wp\/www.dance-and-fit.de\/wp-content\/uploads\/2024\/12\/Save-the-Date-Postkarte1-734x1024.jpg\" target=\"_blank\" rel=\"noopener\"><strong>DANCE meets ART <\/strong><\/a>~ <strong><strong style=\"font-size: 17.28px; font-style: inherit;\">Einzelausstellung <\/strong><\/strong><span style=\"font-size: 17.28px; font-style: inherit;\">in co-operation<\/span><span style=\"font-size: 17.28px; font-style: inherit;\"> with <\/span><strong><a style=\"font-size: 17.28px; font-style: inherit; font-weight: inherit; background-color: #ffffff; color: #5b5b5b;\" href=\"https:\/\/www.dance-and-fit.de\" target=\"_blank\" rel=\"noopener\">dance &amp; fit<\/a><\/strong><strong><a style=\"font-size: 17.28px; font-style: inherit; font-weight: inherit; background-color: #ffffff; color: #5b5b5b;\" href=\"https:\/\/www.dance-and-fit.de\" target=\"_blank\" rel=\"noopener\">\u00a0<\/a><\/strong><\/span><\/p>\t\t\t\t\t\t\t\t<\/div>\n\t\t\t\t<\/div>\n\t\t\t\t\t<\/div>\n\t\t<\/div>\n\t\t\t\t\t<\/div>\n\t\t<\/section>\n\t\t\t\t<section class=\"elementor-section elementor-top-section elementor-element elementor-element-fa7ca4f elementor-section-boxed elementor-section-height-default elementor-section-height-default\" data-id=\"fa7ca4f\" data-element_type=\"section\" data-e-type=\"section\">\n\t\t\t\t\t\t<div class=\"elementor-container elementor-column-gap-default\">\n\t\t\t\t\t<div class=\"elementor-column elementor-col-100 elementor-top-column elementor-element elementor-element-e33eda1\" data-id=\"e33eda1\" data-element_type=\"column\" data-e-type=\"column\">\n\t\t\t<div class=\"elementor-widget-wrap elementor-element-populated\">\n\t\t\t\t\t\t<section class=\"elementor-section elementor-inner-section elementor-element elementor-element-0836542 elementor-section-boxed elementor-section-height-default elementor-section-height-default\" data-id=\"0836542\" data-element_type=\"section\" data-e-type=\"section\">\n\t\t\t\t\t\t<div class=\"elementor-container elementor-column-gap-default\">\n\t\t\t\t\t<div class=\"elementor-column elementor-col-50 elementor-inner-column elementor-element elementor-element-50abb37\" data-id=\"50abb37\" data-element_type=\"column\" data-e-type=\"column\">\n\t\t\t<div class=\"elementor-widget-wrap elementor-element-populated\">\n\t\t\t\t\t\t<div class=\"elementor-element elementor-element-25532c9 elementor-widget elementor-widget-image\" data-id=\"25532c9\" data-element_type=\"widget\" data-e-type=\"widget\" data-widget_type=\"image.default\">\n\t\t\t\t<div class=\"elementor-widget-container\">\n\t\t\t\t\t\t\t\t\t\t\t\t\t\t\t<img fetchpriority=\"high\" decoding=\"async\" width=\"639\" height=\"922\" src=\"https:\/\/www.sylviawols.de\/wp-content\/uploads\/2026\/03\/Wellentanz-Flyer-Vorne-Web.png\" class=\"attachment-full size-full wp-image-3685\" alt=\"\" srcset=\"https:\/\/www.sylviawols.de\/wp-content\/uploads\/2026\/03\/Wellentanz-Flyer-Vorne-Web.png 639w, https:\/\/www.sylviawols.de\/wp-content\/uploads\/2026\/03\/Wellentanz-Flyer-Vorne-Web-208x300.png 208w, https:\/\/www.sylviawols.de\/wp-content\/uploads\/2026\/03\/Wellentanz-Flyer-Vorne-Web-8x12.png 8w, https:\/\/www.sylviawols.de\/wp-content\/uploads\/2026\/03\/Wellentanz-Flyer-Vorne-Web-400x577.png 400w\" sizes=\"(max-width: 639px) 100vw, 639px\" \/>\t\t\t\t\t\t\t\t\t\t\t\t\t\t\t<\/div>\n\t\t\t\t<\/div>\n\t\t\t\t\t<\/div>\n\t\t<\/div>\n\t\t\t\t<div class=\"elementor-column elementor-col-50 elementor-inner-column elementor-element elementor-element-48e4902\" data-id=\"48e4902\" data-element_type=\"column\" data-e-type=\"column\">\n\t\t\t<div class=\"elementor-widget-wrap elementor-element-populated\">\n\t\t\t\t\t\t<div class=\"elementor-element elementor-element-2261504 elementor-widget elementor-widget-text-editor\" data-id=\"2261504\" data-element_type=\"widget\" data-e-type=\"widget\" data-widget_type=\"text-editor.default\">\n\t\t\t\t<div class=\"elementor-widget-container\">\n\t\t\t\t\t\t\t\t\t<p><span style=\"color: #825977;\"><strong>Ausstellungen<\/strong>:<\/span><\/p><p>Als kurz nach dem Eintritt in die Selbstst\u00e4ndigkeit im Januar 2020 die Corona-Pandemie anfing Einfluss zu nehmen wurde Sylvia bewusst, dass sie nicht wie urspr\u00fcnglich geplant Ausstellungen haben k\u00f6nnte. Aber nachdem sie ihre Originalgem\u00e4lde und Drucke nach <strong>Nordamerika, Asien<\/strong> und verschiedene L\u00e4nder in <strong>Europa<\/strong> versendet hatte, hoffte sie, auch in ihrem Heimatland Deutschland bekannt zu werden. Daher hat sie, sobald die Coronabeschr\u00e4nkungen lockerer wurden, an der ersten <strong>Bamboo meets Art<\/strong> in <strong>July 2021. <\/strong>For the next three <strong>Bamboo meets Art<\/strong> exhibitions in <strong>2022<\/strong>,<strong> 2023 <\/strong>and <strong>2024<\/strong> Sylvia also designed the poster, pamphlet and newspaper advertisements.<\/p><p>Im <strong>September 2021<\/strong> half Sylvia der Gr\u00fcnderin des <strong>dance &amp; fit<\/strong>, Sabine Haggenm\u00fcller, with the interior design of the dressing and washroom of her new fitness studio, where an original painting and eleven of her art prints can be found.\u00a0<\/p><p>Over the years new opportunities for exhibitions came up. The complete list can be found below.\u00a0<\/p>\t\t\t\t\t\t\t\t<\/div>\n\t\t\t\t<\/div>\n\t\t\t\t\t<\/div>\n\t\t<\/div>\n\t\t\t\t\t<\/div>\n\t\t<\/section>\n\t\t\t\t\t<\/div>\n\t\t<\/div>\n\t\t\t\t\t<\/div>\n\t\t<\/section>\n\t\t\t\t<section class=\"elementor-section elementor-top-section elementor-element elementor-element-e674538 elementor-section-boxed elementor-section-height-default elementor-section-height-default\" data-id=\"e674538\" data-element_type=\"section\" data-e-type=\"section\">\n\t\t\t\t\t\t<div class=\"elementor-container elementor-column-gap-default\">\n\t\t\t\t\t<div class=\"elementor-column elementor-col-100 elementor-top-column elementor-element elementor-element-29cd69c\" data-id=\"29cd69c\" data-element_type=\"column\" data-e-type=\"column\">\n\t\t\t<div class=\"elementor-widget-wrap elementor-element-populated\">\n\t\t\t\t\t\t<div class=\"elementor-element elementor-element-0aa2498 elementor-widget elementor-widget-text-editor\" data-id=\"0aa2498\" data-element_type=\"widget\" data-e-type=\"widget\" data-widget_type=\"text-editor.default\">\n\t\t\t\t<div class=\"elementor-widget-container\">\n\t\t\t\t\t\t\t\t\t<h2><span style=\"color: #825977;\"><strong>Fr\u00fchere Ausstellungen<\/strong>:<\/span><\/h2><p><span style=\"color: #5c5b5b;\">24<sup>.<\/sup> und 25.<sup>.<\/sup> .<strong> Juli 2021 <\/strong>~ <strong>Bamboo meets Art<\/strong><\/span><\/p><p><span style=\"color: #5c5b5b;\">Seit <strong>September 2021 <\/strong>~ <strong><strong style=\"font-size: 17.28px; font-style: inherit;\">Dauerausstellung <\/strong><\/strong><span style=\"font-size: 17.28px; font-style: inherit; font-weight: inherit;\">in <\/span><strong><a style=\"font-size: 17.28px; font-style: inherit; font-weight: inherit; background-color: #ffffff; color: #5c5b5b;\" href=\"https:\/\/www.dance-and-fit.de\" target=\"_blank\" rel=\"noopener\">dance &amp; fit <\/a><span style=\"font-size: 17.28px; font-style: inherit; font-weight: inherit;\">\u00dcberlingen<\/span><\/strong><\/span><\/p><p><span style=\"color: #5c5b5b;\">25<sup>.<\/sup> und 26.<sup>.<\/sup> . <strong>Juni 2022 <\/strong>~<strong> <span style=\"font-weight: bold; font-size: 17.28px;\"><a style=\"color: #5c5b5b;\" href=\"https:\/\/www.bamboo-meets-art.de\/\" target=\"_blank\" rel=\"noopener\">Bamboo meets Art<\/a><\/span><\/strong><\/span><\/p><p><span style=\"color: #5c5b5b;\">16<sup>.<\/sup> . <strong>Juli 2022 <\/strong>~<strong> Tag der offenen T\u00fcr <\/strong>in<strong> Singen\u00a0(Bohlingen)<\/strong><\/span><\/p><p><span style=\"color: #5c5b5b;\">1<sup>st<\/sup> . <strong>Mai <\/strong>till 20<sup>.<\/sup> . <strong>August 2022 <\/strong>~<strong> Ausstellung <\/strong>in <strong><a style=\"color: #5c5b5b;\" href=\"https:\/\/www.anhaengsl.de\" target=\"_blank\" rel=\"noopener\" data-wplink-edit=\"true\">Anh\u00e4ngsl<\/a> Neufrach<\/strong><\/span><\/p><p><span style=\"color: #5c5b5b;\">16<sup>.<\/sup> . <strong>September <\/strong>till 9<sup>.<\/sup> . <strong>Oktober 2022 <\/strong>~ <a style=\"color: #5c5b5b;\" href=\"https:\/\/see-h-arte.com\/en\/\" target=\"_blank\" rel=\"noopener\"><strong>see (h) arte<\/strong> <\/a>zweite internationale Ausstellung <strong>Radolfzell<\/strong><\/span><\/p><p><span style=\"color: #5c5b5b;\">14<sup>.<\/sup> . <strong>Oktober 2022 <\/strong>till 14<sup>.<\/sup> . <strong>Januar 2023 <\/strong>~<strong> KKH 1. OG Seemaxx <\/strong>in<strong> Radolfzell<\/strong><\/span><\/p><p><span style=\"color: #5c5b5b;\">24<sup>.<\/sup> und 25.<sup>.<\/sup> . <strong>Juni 2023 <\/strong>~<strong> <span style=\"font-weight: bold; font-size: 17.28px;\"><a style=\"color: #5c5b5b;\" href=\"https:\/\/www.bamboo-meets-art.de\/\" target=\"_blank\" rel=\"noopener\">Bamboo meets Art<\/a><\/span><\/strong><\/span><\/p><p><span style=\"color: #5c5b5b;\">21<sup>st<\/sup> + 22<sup>.<\/sup> <strong>Juli 2023 <\/strong>~ <strong>DANCE meets ART<\/strong> ~ <strong><strong style=\"font-size: 17.28px; font-style: inherit;\">Einzelausstellung <\/strong><\/strong><span style=\"font-size: 17.28px; font-style: inherit;\">in Zusammenarbeit mit der Studio <\/span><strong><a style=\"font-size: 17.28px; font-style: inherit; font-weight: inherit; background-color: #ffffff; color: #5c5b5b;\" href=\"https:\/\/www.dance-and-fit.de\" target=\"_blank\" rel=\"noopener\">dance &amp; fit <\/a><span style=\"font-size: 17.28px; font-style: inherit; font-weight: inherit;\">\u00dcberlingen<\/span><\/strong><\/span><\/p><p><span style=\"color: #5c5b5b;\">15<sup>.<\/sup> und 16.<sup>.<\/sup> . <strong>June 2024 <\/strong>~<strong> <span style=\"font-weight: bold; font-size: 17.28px;\"><a style=\"color: #5c5b5b;\" href=\"https:\/\/www.bamboo-meets-art.de\/\" target=\"_blank\" rel=\"noopener\">Bamboo meets Art<\/a><\/span><\/strong><\/span><\/p><p><span style=\"color: #5c5b5b;\">21<sup>st<\/sup> <strong>December 2024<\/strong> ~ Christmas Market in <strong>Caf\u00e9 <a style=\"color: #5c5b5b;\" href=\"https:\/\/www.anhaengsl.de\" target=\"_blank\" rel=\"noopener\">Anh\u00e4ngsl<\/a><\/strong><\/span><\/p><p><span style=\"color: #5c5b5b;\">21<sup>st<\/sup> <strong>December 2024 <\/strong>till 23<sup>rd<\/sup> .<strong> February 2025 <\/strong>~ exhibition of the<a style=\"color: #5c5b5b;\" href=\"http:\/\/www.kunstverein-konstanz.de\/detailansicht\/jahresausstellung-2024-2025.html\" target=\"_blank\" rel=\"noopener\"><strong> Art Society Constance<\/strong><\/a><\/span><\/p><p><span style=\"color: #5c5b5b;\">18<sup>.<\/sup> . <strong>January<\/strong> till 1<sup>st<\/sup> . <strong>March 2025<\/strong>\u00a0~ <strong>SELECTed.17<\/strong> in <strong>Hohenems (Austria)<\/strong><\/span><\/p><p><span style=\"color: #5c5b5b;\">2<sup>nd<\/sup> <strong>August<\/strong> till 30<sup>.<\/sup> <strong>October 2025<\/strong> ~ <strong>Caf\u00e9 <a style=\"color: #5c5b5b;\" href=\"https:\/\/www.anhaengsl.de\" target=\"_blank\" rel=\"noopener\">Anh\u00e4ngsl<\/a><\/strong> in Neufrach<\/span><\/p><p>20<sup>.<\/sup> <strong>December 2025 <\/strong>~ Christmas Market in <strong>Caf\u00e9 <a href=\"https:\/\/www.anhaengsl.de\" target=\"_blank\" rel=\"noopener\">Anh\u00e4ngsl<\/a><\/strong><\/p><p>20<sup>.<\/sup> <strong>December 2025 <\/strong>till 22<sup>nd<\/sup> .<strong> February 2026 <\/strong>~ exhibition of the<a href=\"http:\/\/www.kunstverein-konstanz.de\/detailansicht\/jahresausstellung-2.html\" target=\"_blank\" rel=\"noopener\"><strong> Art Society Constance<\/strong><\/a><\/p>\t\t\t\t\t\t\t\t<\/div>\n\t\t\t\t<\/div>\n\t\t\t\t\t<\/div>\n\t\t<\/div>\n\t\t\t\t\t<\/div>\n\t\t<\/section>\n\t\t\t\t<section class=\"elementor-section elementor-top-section elementor-element elementor-element-981b84f elementor-section-boxed elementor-section-height-default elementor-section-height-default\" data-id=\"981b84f\" data-element_type=\"section\" data-e-type=\"section\">\n\t\t\t\t\t\t<div class=\"elementor-container elementor-column-gap-default\">\n\t\t\t\t\t<div class=\"elementor-column elementor-col-33 elementor-top-column elementor-element elementor-element-9b32b1b\" data-id=\"9b32b1b\" data-element_type=\"column\" data-e-type=\"column\">\n\t\t\t<div class=\"elementor-widget-wrap elementor-element-populated\">\n\t\t\t\t\t\t<div class=\"elementor-element elementor-element-04fd84d elementor-widget__width-initial elementor-widget elementor-widget-image\" data-id=\"04fd84d\" data-element_type=\"widget\" data-e-type=\"widget\" data-widget_type=\"image.default\">\n\t\t\t\t<div class=\"elementor-widget-container\">\n\t\t\t\t\t\t\t\t\t\t\t\t\t\t\t<img decoding=\"async\" src=\"https:\/\/www.sylviawols.de\/wp-content\/uploads\/2022\/05\/2022-Anhaengsl-400x459.jpg\" title=\"2022 Anhaengsl\" alt=\"2022 Anhaengsl\" loading=\"lazy\" \/>\t\t\t\t\t\t\t\t\t\t\t\t\t\t\t<\/div>\n\t\t\t\t<\/div>\n\t\t\t\t\t<\/div>\n\t\t<\/div>\n\t\t\t\t<div class=\"elementor-column elementor-col-33 elementor-top-column elementor-element elementor-element-1c36603\" data-id=\"1c36603\" data-element_type=\"column\" data-e-type=\"column\">\n\t\t\t<div class=\"elementor-widget-wrap elementor-element-populated\">\n\t\t\t\t\t\t<div class=\"elementor-element elementor-element-42316cd elementor-widget elementor-widget-image\" data-id=\"42316cd\" data-element_type=\"widget\" data-e-type=\"widget\" data-widget_type=\"image.default\">\n\t\t\t\t<div class=\"elementor-widget-container\">\n\t\t\t\t\t\t\t\t\t\t\t\t\t\t\t<img decoding=\"async\" src=\"https:\/\/www.sylviawols.de\/wp-content\/uploads\/2022\/05\/2021-DaF-400x481.jpg\" title=\"2021 DaF\" alt=\"2021 DaF\" loading=\"lazy\" \/>\t\t\t\t\t\t\t\t\t\t\t\t\t\t\t<\/div>\n\t\t\t\t<\/div>\n\t\t\t\t\t<\/div>\n\t\t<\/div>\n\t\t\t\t<div class=\"elementor-column elementor-col-33 elementor-top-column elementor-element elementor-element-c433d48\" data-id=\"c433d48\" data-element_type=\"column\" data-e-type=\"column\">\n\t\t\t<div class=\"elementor-widget-wrap elementor-element-populated\">\n\t\t\t\t\t\t<div class=\"elementor-element elementor-element-53406c4 elementor-widget elementor-widget-image\" data-id=\"53406c4\" data-element_type=\"widget\" data-e-type=\"widget\" data-widget_type=\"image.default\">\n\t\t\t\t<div class=\"elementor-widget-container\">\n\t\t\t\t\t\t\t\t\t\t\t\t\t\t\t<img decoding=\"async\" src=\"https:\/\/www.sylviawols.de\/wp-content\/uploads\/2022\/05\/2021-BmA-400x571.jpg\" title=\"2021 BmA\" alt=\"2021 BmA\" loading=\"lazy\" \/>\t\t\t\t\t\t\t\t\t\t\t\t\t\t\t<\/div>\n\t\t\t\t<\/div>\n\t\t\t\t\t<\/div>\n\t\t<\/div>\n\t\t\t\t\t<\/div>\n\t\t<\/section>\n\t\t\t\t<\/div>","protected":false},"excerpt":{"rendered":"<p>Current and upcoming exhibitions: Since\u00a0February 2024 ~\u00a0permanent exhibition\u00a0in\u00a0Hotel Seehof in Meersburg 24th and 25th of April 2026 ~ DANCE meets ART ~ Solo exhibition in co-operation with dance &amp; fit\u00a0 Exhibitions: After being faced with the Corona pandemic soon after founding her art business in January 2020, Sylvia realized that she couldn\u2019t exhibit her art [&hellip;]<\/p>\n","protected":false},"author":1,"featured_media":0,"parent":14,"menu_order":0,"comment_status":"closed","ping_status":"closed","template":"","meta":{"zakra_page_container_layout":"customizer","zakra_page_sidebar_layout":"customizer","zakra_remove_content_margin":false,"zakra_sidebar":"customizer","zakra_transparent_header":"customizer","zakra_logo":0,"zakra_main_header_style":"default","zakra_menu_item_color":"","zakra_menu_item_hover_color":"","zakra_menu_item_active_color":"","zakra_menu_active_style":"","zakra_page_header":true,"footnotes":""},"class_list":["post-2471","page","type-page","status-publish","hentry"],"jetpack_sharing_enabled":true,"_links":{"self":[{"href":"https:\/\/www.sylviawols.de\/de\/wp-json\/wp\/v2\/pages\/2471","targetHints":{"allow":["GET"]}}],"collection":[{"href":"https:\/\/www.sylviawols.de\/de\/wp-json\/wp\/v2\/pages"}],"about":[{"href":"https:\/\/www.sylviawols.de\/de\/wp-json\/wp\/v2\/types\/page"}],"author":[{"embeddable":true,"href":"https:\/\/www.sylviawols.de\/de\/wp-json\/wp\/v2\/users\/1"}],"replies":[{"embeddable":true,"href":"https:\/\/www.sylviawols.de\/de\/wp-json\/wp\/v2\/comments?post=2471"}],"version-history":[{"count":201,"href":"https:\/\/www.sylviawols.de\/de\/wp-json\/wp\/v2\/pages\/2471\/revisions"}],"predecessor-version":[{"id":3689,"href":"https:\/\/www.sylviawols.de\/de\/wp-json\/wp\/v2\/pages\/2471\/revisions\/3689"}],"up":[{"embeddable":true,"href":"https:\/\/www.sylviawols.de\/de\/wp-json\/wp\/v2\/pages\/14"}],"wp:attachment":[{"href":"https:\/\/www.sylviawols.de\/de\/wp-json\/wp\/v2\/media?parent=2471"}],"curies":[{"name":"wp","href":"https:\/\/api.w.org\/{rel}","templated":true}]}}