
{"id":908,"date":"2020-05-09T17:34:09","date_gmt":"2020-05-09T15:34:09","guid":{"rendered":"https:\/\/www.sylviawols.de\/?page_id=908"},"modified":"2022-09-13T08:30:22","modified_gmt":"2022-09-13T06:30:22","slug":"about-me","status":"publish","type":"page","link":"https:\/\/www.sylviawols.de\/de\/home\/about-me\/","title":{"rendered":"\u00dcber mich"},"content":{"rendered":"<div data-elementor-type=\"wp-page\" data-elementor-id=\"908\" class=\"elementor elementor-908\">\n\t\t\t\t\t\t<section class=\"elementor-section elementor-top-section elementor-element elementor-element-fa7ca4f elementor-section-boxed elementor-section-height-default elementor-section-height-default\" data-id=\"fa7ca4f\" data-element_type=\"section\" data-e-type=\"section\">\n\t\t\t\t\t\t<div class=\"elementor-container elementor-column-gap-default\">\n\t\t\t\t\t<div class=\"elementor-column elementor-col-100 elementor-top-column elementor-element elementor-element-e33eda1\" data-id=\"e33eda1\" data-element_type=\"column\" data-e-type=\"column\">\n\t\t\t<div class=\"elementor-widget-wrap elementor-element-populated\">\n\t\t\t\t\t\t<section class=\"elementor-section elementor-inner-section elementor-element elementor-element-0836542 elementor-section-boxed elementor-section-height-default elementor-section-height-default\" data-id=\"0836542\" data-element_type=\"section\" data-e-type=\"section\">\n\t\t\t\t\t\t<div class=\"elementor-container elementor-column-gap-default\">\n\t\t\t\t\t<div class=\"elementor-column elementor-col-50 elementor-inner-column elementor-element elementor-element-50abb37\" data-id=\"50abb37\" data-element_type=\"column\" data-e-type=\"column\">\n\t\t\t<div class=\"elementor-widget-wrap elementor-element-populated\">\n\t\t\t\t\t\t<div class=\"elementor-element elementor-element-cc960d3 elementor-widget elementor-widget-text-editor\" data-id=\"cc960d3\" data-element_type=\"widget\" data-e-type=\"widget\" data-widget_type=\"text-editor.default\">\n\t\t\t\t<div class=\"elementor-widget-container\">\n\t\t\t\t\t\t\t\t\t<p><strong>\u00dcber die K\u00fcnstlerin<\/strong>:<\/p><p>Sylvia Wols ist eine zeitgen\u00f6ssische Kunstmalerin und lebt auf der deutschen Seite des wundersch\u00f6nen Bodensees.\nSie kombiniert realistische Details mit ihrem einzigartigen abstrakten Stil und l\u00e4dt damit den Betrachter immer wieder ein, neue Geheimnisse zu entdecken.<\/p><p>Bevor sie 1994 ihr Abitur in Kunst absolviert hat, hat sie sich intensiv, sowohl theoretisch als auch praktisch, mit der Kunstgeschichte der letzten 200 Jahre des 20. Jahrhunderts auseinandergesetzt. Danach hat ihre Karriere sie f\u00fcr die n\u00e4chsten 25 Jahre erst einmal woanders hin verschlagen, bevor sie Ende 2019 wieder zur\u00fcck zur Malerei fand.<\/p><p>Ausgehend von ihrem Lieblingsstil, der expressionistischen Acrylmalerei, begann sie sich in neue Techniken einzuarbeiten und experimentierte mit Pourings, Aquarell und Mixed Media. Sie liebt es die Natur zu malen, besonders Blumen und Landschaften und setzt am Ende gerne besondere Akzente, indem sie gewisse Bereiche mit \u00d6l- oder metallischen Farben hervorhebt. Letztere haben den wundersch\u00f6nen Effekt, dass sie bei bestimmten Lichtverh\u00e4ltnissen leuchten oder glitzern.<\/p><p><span style=\"font-size: 17.28px; font-style: inherit; font-weight: inherit;\">Mit der Zeit entwickelte sie auch eine Vorliebe f\u00fcr die PORTRAITMALEREI, besonders von Tieren. Auch hier kombiniert sie genaue Details, besonders im Bereich der Augen neben ansonsten eher freien und abstrakten Pinselstrichen.<\/span><\/p><p>Der Bereich, der ihr besonders am Herzen liegt und der Schwerpunkt ihrer Auftragsarbeiten ist, sind die\u00a0<a href=\"https:\/\/www.sylviawols.de\/de\/identity-painting\/\">Identit\u00e4tsbilder<\/a>. Sie fangen die Einzigartigkeit des Empf\u00e4ngers auf Leinwand ein und sind somit eines der pers\u00f6nlichsten und intimsten Gem\u00e4lde, die ein Mensch besitzen kann. Neugierig geworden? Informiere dich gerne \u00fcber den Link und finde heraus, wie auch du Eigent\u00fcmer solch eines pers\u00f6nliches Gem\u00e4ldes werden kannst.<\/p>\t\t\t\t\t\t\t\t<\/div>\n\t\t\t\t<\/div>\n\t\t\t\t\t<\/div>\n\t\t<\/div>\n\t\t\t\t<div class=\"elementor-column elementor-col-50 elementor-inner-column elementor-element elementor-element-48e4902\" data-id=\"48e4902\" data-element_type=\"column\" data-e-type=\"column\">\n\t\t\t<div class=\"elementor-widget-wrap elementor-element-populated\">\n\t\t\t\t\t\t<div class=\"elementor-element elementor-element-1d15b60 elementor-widget elementor-widget-image\" data-id=\"1d15b60\" data-element_type=\"widget\" data-e-type=\"widget\" data-widget_type=\"image.default\">\n\t\t\t\t<div class=\"elementor-widget-container\">\n\t\t\t\t\t\t\t\t\t\t\t\t\t\t\t<img fetchpriority=\"high\" decoding=\"async\" width=\"768\" height=\"1024\" src=\"https:\/\/www.sylviawols.de\/wp-content\/uploads\/2020\/06\/20200501_095921-scaled.jpg\" class=\"attachment-large size-large wp-image-1204\" alt=\"Painting in my studio\" srcset=\"https:\/\/www.sylviawols.de\/wp-content\/uploads\/2020\/06\/20200501_095921-scaled.jpg 1920w, https:\/\/www.sylviawols.de\/wp-content\/uploads\/2020\/06\/20200501_095921-225x300.jpg 225w, https:\/\/www.sylviawols.de\/wp-content\/uploads\/2020\/06\/20200501_095921-1152x1536.jpg 1152w, https:\/\/www.sylviawols.de\/wp-content\/uploads\/2020\/06\/20200501_095921-1536x2048.jpg 1536w, https:\/\/www.sylviawols.de\/wp-content\/uploads\/2020\/06\/20200501_095921-400x533.jpg 400w\" sizes=\"(max-width: 768px) 100vw, 768px\" \/>\t\t\t\t\t\t\t\t\t\t\t\t\t\t\t<\/div>\n\t\t\t\t<\/div>\n\t\t\t\t\t<\/div>\n\t\t<\/div>\n\t\t\t\t\t<\/div>\n\t\t<\/section>\n\t\t\t\t\t<\/div>\n\t\t<\/div>\n\t\t\t\t\t<\/div>\n\t\t<\/section>\n\t\t\t\t<section class=\"elementor-section elementor-top-section elementor-element elementor-element-981b84f elementor-section-boxed elementor-section-height-default elementor-section-height-default\" data-id=\"981b84f\" data-element_type=\"section\" data-e-type=\"section\">\n\t\t\t\t\t\t<div class=\"elementor-container elementor-column-gap-default\">\n\t\t\t\t\t<div class=\"elementor-column elementor-col-33 elementor-top-column elementor-element elementor-element-9b32b1b\" data-id=\"9b32b1b\" data-element_type=\"column\" data-e-type=\"column\">\n\t\t\t<div class=\"elementor-widget-wrap elementor-element-populated\">\n\t\t\t\t\t\t<div class=\"elementor-element elementor-element-2ff0a2c elementor-widget elementor-widget-image\" data-id=\"2ff0a2c\" data-element_type=\"widget\" data-e-type=\"widget\" data-widget_type=\"image.default\">\n\t\t\t\t<div class=\"elementor-widget-container\">\n\t\t\t\t\t\t\t\t\t\t\t\t\t\t\t<img decoding=\"async\" width=\"800\" height=\"548\" src=\"https:\/\/www.sylviawols.de\/wp-content\/uploads\/2021\/03\/1994-Artig-Ausstellung-2-neu-rotated-e1617178771454.jpg\" class=\"attachment-full size-full wp-image-1975\" alt=\"1994 Artig Ausstellung\" srcset=\"https:\/\/www.sylviawols.de\/wp-content\/uploads\/2021\/03\/1994-Artig-Ausstellung-2-neu-rotated-e1617178771454.jpg 800w, https:\/\/www.sylviawols.de\/wp-content\/uploads\/2021\/03\/1994-Artig-Ausstellung-2-neu-rotated-e1617178771454-300x206.jpg 300w, https:\/\/www.sylviawols.de\/wp-content\/uploads\/2021\/03\/1994-Artig-Ausstellung-2-neu-rotated-e1617178771454-16x12.jpg 16w, https:\/\/www.sylviawols.de\/wp-content\/uploads\/2021\/03\/1994-Artig-Ausstellung-2-neu-rotated-e1617178771454-400x274.jpg 400w, https:\/\/www.sylviawols.de\/wp-content\/uploads\/2021\/03\/1994-Artig-Ausstellung-2-neu-rotated-e1617178771454-768x526.jpg 768w\" sizes=\"(max-width: 800px) 100vw, 800px\" \/>\t\t\t\t\t\t\t\t\t\t\t\t\t\t\t<\/div>\n\t\t\t\t<\/div>\n\t\t\t\t\t<\/div>\n\t\t<\/div>\n\t\t\t\t<div class=\"elementor-column elementor-col-33 elementor-top-column elementor-element elementor-element-1c36603\" data-id=\"1c36603\" data-element_type=\"column\" data-e-type=\"column\">\n\t\t\t<div class=\"elementor-widget-wrap elementor-element-populated\">\n\t\t\t\t\t\t<div class=\"elementor-element elementor-element-508d345 elementor-widget elementor-widget-text-editor\" data-id=\"508d345\" data-element_type=\"widget\" data-e-type=\"widget\" data-widget_type=\"text-editor.default\">\n\t\t\t\t<div class=\"elementor-widget-container\">\n\t\t\t\t\t\t\t\t\t<p>1994: <br \/>Sylvia vor einigen ihrer Gem\u00e4lde, die auf der Ausstellung ARTIG pr\u00e4sentiert wurden.<\/p>\t\t\t\t\t\t\t\t<\/div>\n\t\t\t\t<\/div>\n\t\t\t\t\t<\/div>\n\t\t<\/div>\n\t\t\t\t<div class=\"elementor-column elementor-col-33 elementor-top-column elementor-element elementor-element-c433d48\" data-id=\"c433d48\" data-element_type=\"column\" data-e-type=\"column\">\n\t\t\t<div class=\"elementor-widget-wrap elementor-element-populated\">\n\t\t\t\t\t\t<div class=\"elementor-element elementor-element-f6e4a1e elementor-widget elementor-widget-image\" data-id=\"f6e4a1e\" data-element_type=\"widget\" data-e-type=\"widget\" data-widget_type=\"image.default\">\n\t\t\t\t<div class=\"elementor-widget-container\">\n\t\t\t\t\t\t\t\t\t\t\t\t\t\t\t<img decoding=\"async\" width=\"247\" height=\"548\" src=\"https:\/\/www.sylviawols.de\/wp-content\/uploads\/2021\/03\/1994-Artig-Ausstellung-Architektur-neu-rotated-e1617178712699.jpg\" class=\"attachment-full size-full wp-image-1976\" alt=\"Artig Exhibition\" \/>\t\t\t\t\t\t\t\t\t\t\t\t\t\t\t<\/div>\n\t\t\t\t<\/div>\n\t\t\t\t\t<\/div>\n\t\t<\/div>\n\t\t\t\t\t<\/div>\n\t\t<\/section>\n\t\t\t\t<\/div>","protected":false},"excerpt":{"rendered":"<p>About the artist: Sylvia Wols is a contemporary painting artist, based at the beautiful Lake of Constance in Southern Germany. She likes to combine realistic details with her unique abstract style that invites the viewer to revisit each piece and enables them to discover new secrets each time. Prior to graduating in art back in [&hellip;]<\/p>\n","protected":false},"author":1,"featured_media":43,"parent":14,"menu_order":0,"comment_status":"closed","ping_status":"closed","template":"elementor_header_footer","meta":{"zakra_page_container_layout":"customizer","zakra_page_sidebar_layout":"customizer","zakra_remove_content_margin":false,"zakra_sidebar":"customizer","zakra_transparent_header":"customizer","zakra_logo":0,"zakra_main_header_style":"default","zakra_menu_item_color":"","zakra_menu_item_hover_color":"","zakra_menu_item_active_color":"","zakra_menu_active_style":"","zakra_page_header":true,"footnotes":""},"class_list":["post-908","page","type-page","status-publish","has-post-thumbnail","hentry"],"jetpack_sharing_enabled":true,"_links":{"self":[{"href":"https:\/\/www.sylviawols.de\/de\/wp-json\/wp\/v2\/pages\/908","targetHints":{"allow":["GET"]}}],"collection":[{"href":"https:\/\/www.sylviawols.de\/de\/wp-json\/wp\/v2\/pages"}],"about":[{"href":"https:\/\/www.sylviawols.de\/de\/wp-json\/wp\/v2\/types\/page"}],"author":[{"embeddable":true,"href":"https:\/\/www.sylviawols.de\/de\/wp-json\/wp\/v2\/users\/1"}],"replies":[{"embeddable":true,"href":"https:\/\/www.sylviawols.de\/de\/wp-json\/wp\/v2\/comments?post=908"}],"version-history":[{"count":27,"href":"https:\/\/www.sylviawols.de\/de\/wp-json\/wp\/v2\/pages\/908\/revisions"}],"predecessor-version":[{"id":2622,"href":"https:\/\/www.sylviawols.de\/de\/wp-json\/wp\/v2\/pages\/908\/revisions\/2622"}],"up":[{"embeddable":true,"href":"https:\/\/www.sylviawols.de\/de\/wp-json\/wp\/v2\/pages\/14"}],"wp:featuredmedia":[{"embeddable":true,"href":"https:\/\/www.sylviawols.de\/de\/wp-json\/wp\/v2\/media\/43"}],"wp:attachment":[{"href":"https:\/\/www.sylviawols.de\/de\/wp-json\/wp\/v2\/media?parent=908"}],"curies":[{"name":"wp","href":"https:\/\/api.w.org\/{rel}","templated":true}]}}